{"id":25,"date":"2023-01-24T13:41:01","date_gmt":"2023-01-24T12:41:01","guid":{"rendered":"https:\/\/locationsononantes.com\/index.php\/page-daccueil-3\/"},"modified":"2025-07-30T15:58:25","modified_gmt":"2025-07-30T13:58:25","slug":"page-daccueil-3","status":"publish","type":"page","link":"https:\/\/locationsononantes.com\/","title":{"rendered":"Location Sono &amp; \u00c9clairage \u00e0 Nantes et Vitr\u00e9"},"content":{"rendered":"\n<div class=\"wp-block-cover\"><img loading=\"lazy\" decoding=\"async\" width=\"700\" height=\"467\" class=\"wp-block-cover__image-background wp-image-117\" alt=\"Location de mat\u00e9riel \u00e9v\u00e9nementiel \u00e0 Nantes et Vitr\u00e9 : collage de sono, \u00e9clairage, machine \u00e0 pop-corn et mobilier\" src=\"https:\/\/locationsononantes.com\/wp-content\/uploads\/2025\/07\/Location-de-materiel-evenementiel-a-Nantes-et-Vitre-collage-de-sono-eclairage-machine-a-pop-corn-et-mobilier.jpeg\" data-object-fit=\"cover\" srcset=\"https:\/\/locationsononantes.com\/wp-content\/uploads\/2025\/07\/Location-de-materiel-evenementiel-a-Nantes-et-Vitre-collage-de-sono-eclairage-machine-a-pop-corn-et-mobilier.jpeg 700w, https:\/\/locationsononantes.com\/wp-content\/uploads\/2025\/07\/Location-de-materiel-evenementiel-a-Nantes-et-Vitre-collage-de-sono-eclairage-machine-a-pop-corn-et-mobilier-300x200.jpeg 300w, https:\/\/locationsononantes.com\/wp-content\/uploads\/2025\/07\/Location-de-materiel-evenementiel-a-Nantes-et-Vitre-collage-de-sono-eclairage-machine-a-pop-corn-et-mobilier-600x400.jpeg 600w\" sizes=\"auto, (max-width: 700px) 100vw, 700px\" \/><span aria-hidden=\"true\" class=\"wp-block-cover__background has-background-dim\"><\/span><div class=\"wp-block-cover__inner-container is-layout-flow wp-block-cover-is-layout-flow\">\n<p class=\"has-text-align-center has-large-font-size\"><\/p>\n<\/div><\/div>\n\n\n\n<p><strong>\ud83c\udfb6 Quel que soit votre \u00e9v\u00e9nement en location sono Nantes ou Vitr\u00e9, nous avons le mat\u00e9riel qu&rsquo;il vous faut !<\/strong><\/p>\n\n\n\n<p>Explorez nos diff\u00e9rentes gammes en location location sono Nantes et Vitr\u00e9 et trouvez l&rsquo;\u00e9quipement parfait pour transformer votre f\u00eate. \ud83d\udc47<\/p>\n\n\n\n<p><strong>\ud83e\uddd1\u200d\ud83c\udfa4 Karaok\u00e9 &amp; Vid\u00e9oprojection :<\/strong> Pour des moments de partage et de rire, d\u00e9couvrez \u00e9galement notre mat\u00e9riel de karaok\u00e9 et nos vid\u00e9oprojecteurs haute d\u00e9finition.<strong> Tous Vos \u00c9v\u00e9nements avec Location Sono Nantes !<\/strong> \ud83c\udf89<\/p>\n\n\n\n<p><strong>\u2728 Packs Son &amp; Lumi\u00e8re :<\/strong> Certainement la solution tout-en-un ! Simplifiez-vous la vie avec nos packs complets, con\u00e7us pour une installation facile et une ambiance garantie sur <strong>Nantes<\/strong> et <strong>Vitr\u00e9<\/strong>.<\/p>\n\n\n\n<p><strong>\ud83d\udd0a Sonorisation Professionnelle :<\/strong> Des enceintes puissantes aux micros sans fil, assurez une qualit\u00e9 audio impeccable pour vos discours et votre playlist.<\/p>\n\n\n\n<p><strong>\ud83d\udd7a \u00c9clairage Sc\u00e9nique et d&rsquo;Ambiance :<\/strong> Cr\u00e9ez ainsi une atmosph\u00e8re inoubliable avec nos jeux de lumi\u00e8re dynamiques pour la danse, nos \u00e9clairages d&rsquo;ambiance \u00e9l\u00e9gants et nos projecteurs.<\/p>\n\n\n\n<p><strong>\ud83c\udf2b\ufe0f Machines \u00e0 Effets Sp\u00e9ciaux :<\/strong> Ajoutez une touche de magie ! \u00c9patez vos invit\u00e9s avec nos machines \u00e0 fum\u00e9e, brouillard, bulles ou m\u00eame des \u00e9tincelles froides.<\/p>\n\n\n\n<p><strong>\ud83c\udf7f Le Coin des Gourmands :<\/strong> Surprenez vos convives avec la location de machines \u00e0 barbe \u00e0 papa, pop-corn, cr\u00eapes ou en dernier lieu de majestueuses fontaines \u00e0 chocolat.<\/p>\n\n\n\n<p><strong>\ud83e\ude91 Mobilier \u00c9v\u00e9nementiel :<\/strong> Am\u00e9nagez votre espace de r\u00e9ception avec notre s\u00e9lection de tables, chaises et mange-debout pratiques et esth\u00e9tiques.<\/p>\n\n\n\n<p>Vous pr\u00e9parez un mariage, un anniversaire, une soir\u00e9e \u00e9tudiante ou aussi bien un \u00e9v\u00e9nement d&rsquo;entreprise ? Avant toute chose, il vous faut le meilleur mat\u00e9riel pour garantir une ambiance de folie ! \u00c7a tombe bien, vous \u00eates au bon endroit.<\/p>\n\n\n\n<p>Chez <strong>locationsononantes.com<\/strong>, nous sommes sp\u00e9cialis\u00e9s dans la location de mat\u00e9riel de sonorisation mais aussi d&rsquo;\u00e9clairage de qualit\u00e9 professionnelle. Notre mission ? Vous fournir des \u00e9quipements performants \u00e0 des <strong>prix r\u00e9solument discount<\/strong> ! \ud83d\udcb8<\/p>\n\n\n\n<h3 class=\"wp-block-heading\"><strong>Votre Sp\u00e9cialiste <\/strong>de<strong> Proximit\u00e9 location sono Nantes et Vitr\u00e9<\/strong> \ud83d\udccd<\/h3>\n\n\n\n<p>Afin de vous offrir un service r\u00e9actif et des conseils personnalis\u00e9s, nous sommes bas\u00e9s localement sur deux secteurs. Retrouvez-nous \u00e0 <strong>Nantes<\/strong>, en plein c\u0153ur de la <strong>Loire-Atlantique (44)<\/strong>, ainsi qu&rsquo;\u00e0 <strong>Vitr\u00e9<\/strong> et ses environs en <strong>Ille-et-Vilaine (35)<\/strong>. Cette proximit\u00e9 est notre force pour vous accompagner efficacement dans vos projets.<\/p>\n\n\n\n<h3 class=\"wp-block-heading\"><strong>Un Catalogue Complet pour une Ambiance Inoubliable<\/strong> \ud83c\udfb6<\/h3>\n\n\n\n<p>Quel que soit votre besoin, notre catalogue saura y r\u00e9pondre. Vous y trouverez par exemple :<\/p>\n\n\n\n<ul class=\"wp-block-list\">\n<li>\ud83d\udd0a <strong>Sonorisation :<\/strong> Enceintes actives, caissons de basse, tables de mixage, microphones&#8230;<\/li>\n\n\n\n<li>\ud83c\udfa7 <strong>Mat\u00e9riel DJ :<\/strong> Platines vinyles et num\u00e9riques, contr\u00f4leurs DJ&#8230;<\/li>\n\n\n\n<li>\ud83d\udca1 <strong>\u00c9clairage et Effets :<\/strong> Jeux de lumi\u00e8re LED, lasers, stroboscopes, machines \u00e0 fum\u00e9e pour une piste de danse endiabl\u00e9e !<\/li>\n<\/ul>\n\n\n\n<p>Tout d&rsquo;abord, il faut dire que tout notre mat\u00e9riel est facile \u00e0 installer et nous vous expliquons son fonctionnement.<\/p>\n\n\n\n<h3 class=\"wp-block-heading\"><strong>Simple, Rapide et \u00c9conomique location sono Nantes <\/strong> \u27a1\ufe0f<\/h3>\n\n\n\n<p>Pour commencer, parcourez nos offres et faites votre choix. Ensuite, contactez-nous pour obtenir votre devis personnalis\u00e9 et gratuit. C&rsquo;est aussi simple que \u00e7a ! Nous nous engageons \u00e0 vous proposer le meilleur rapport qualit\u00e9\/prix de la r\u00e9gion.<\/p>\n\n\n\n<p><strong>Pr\u00e9parez votre \u00e9v\u00e9nement, <strong>R\u00e9servez votre mat\u00e9riel en ligne d\u00e8s maintenant !<\/strong><\/strong> \ud83c\udf89\ud83c\udfb6<\/p>\n\n\n\n<h3 class=\"wp-block-heading\"><strong>\u2705 Votre \u00e9v\u00e9nement r\u00e9ussi \u00e0 Nantes et Vitr\u00e9, c&rsquo;est notre priorit\u00e9 !<\/strong><\/h3>\n\n\n\n<p>En nous choisissant, vous b\u00e9n\u00e9ficiez de notre engagement total :<\/p>\n\n\n\n<ul class=\"wp-block-list\">\n<li><strong>\ud83c\udff7\ufe0f Des Prix Imbattables :<\/strong> Profitez de tarifs vraiment discount sur une large gamme de mat\u00e9riel professionnel.<\/li>\n\n\n\n<li><strong>\ud83d\udc4d La Qualit\u00e9 et la Fiabilit\u00e9 :<\/strong> Tout notre \u00e9quipement est rigoureusement contr\u00f4l\u00e9 et entretenu avant chaque location. Z\u00e9ro souci pour vous !<\/li>\n\n\n\n<li><strong>\ud83d\udcac Des Conseils de Pros :<\/strong> Notre \u00e9quipe de passionn\u00e9s est \u00e0 votre \u00e9coute \u00e0 <strong>Nantes<\/strong> et <strong>Vitr\u00e9<\/strong> pour vous aider \u00e0 choisir le mat\u00e9riel parfaitement adapt\u00e9 \u00e0 votre projet et \u00e0 votre budget.<\/li>\n\n\n\n<li><strong>\ud83d\udccd Facilit\u00e9 et Proximit\u00e9 :<\/strong> R\u00e9servez en ligne en quelques clics et r\u00e9cup\u00e9rez votre mat\u00e9riel simplement dans nos locaux de <strong>Nantes ou Vitr\u00e9<\/strong>.<\/li>\n<\/ul>\n\n\n\n<p>Faites confiance \u00e0 l&rsquo;expert de la location \u00e9v\u00e9nementielle \u00e0 Nantes et Vitr\u00e9 depuis 2002 ! \ud83d\udcaf<\/p>\n\n\n\n<p>Parce que nous soutenons les acteurs locaux qui \u0153uvrent pour le bien-\u00eatre de tous, nous vous recommandons de d\u00e9couvrir notre partenaire <a href=\"https:\/\/www.bienvivremedical.fr\/\" target=\"_blank\" rel=\"noreferrer noopener\">Bien Vivre M\u00e9dical<\/a>, sp\u00e9cialiste du mat\u00e9riel m\u00e9dical pour les particuliers et professionnels.<\/p>\n\n\n\n<p>Alors, n&rsquo;h\u00e9sitez plus ! Pour un \u00e9v\u00e9nement r\u00e9ussi \u00e0 Nantes ou Vitr\u00e9, faites confiance \u00e0 un expert local. \ud83d\udd7a\ud83d\udc83<\/p>\n\n\n\n<p><\/p>\n","protected":false},"excerpt":{"rendered":"<p>\ud83c\udfb6 Quel que soit votre \u00e9v\u00e9nement en location sono Nantes ou Vitr\u00e9, nous avons le mat\u00e9riel qu&rsquo;il vous faut ! Explorez nos diff\u00e9rentes gammes en location location sono Nantes et Vitr\u00e9 et trouvez l&rsquo;\u00e9quipement parfait pour transformer votre f\u00eate. \ud83d\udc47 \ud83e\uddd1\u200d\ud83c\udfa4 Karaok\u00e9 &amp; Vid\u00e9oprojection : Pour des moments de partage et de rire, d\u00e9couvrez \u00e9galement notre mat\u00e9riel de karaok\u00e9 et nos vid\u00e9oprojecteurs haute d\u00e9finition. Tous Vos \u00c9v\u00e9nements avec Location Sono Nantes ! \ud83c\udf89 \u2728 Packs Son &amp; Lumi\u00e8re : Certainement la solution tout-en-un ! Simplifiez-vous la vie avec nos packs complets, con\u00e7us pour une installation facile et une ambiance garantie sur Nantes et Vitr\u00e9. \ud83d\udd0a Sonorisation Professionnelle : Des enceintes puissantes aux micros sans fil, assurez une qualit\u00e9 audio impeccable pour vos discours et votre playlist. \ud83d\udd7a \u00c9clairage Sc\u00e9nique et d&rsquo;Ambiance : Cr\u00e9ez ainsi une atmosph\u00e8re inoubliable avec nos jeux de lumi\u00e8re dynamiques pour la danse, nos \u00e9clairages d&rsquo;ambiance \u00e9l\u00e9gants et nos projecteurs. \ud83c\udf2b\ufe0f Machines \u00e0 Effets Sp\u00e9ciaux : Ajoutez une touche de magie ! \u00c9patez vos invit\u00e9s avec nos machines \u00e0 fum\u00e9e, brouillard, bulles ou m\u00eame des \u00e9tincelles froides. \ud83c\udf7f Le Coin des Gourmands : Surprenez vos convives avec la location de machines \u00e0 barbe \u00e0 papa, pop-corn, cr\u00eapes ou en dernier lieu de majestueuses fontaines \u00e0 chocolat. \ud83e\ude91 Mobilier \u00c9v\u00e9nementiel : Am\u00e9nagez votre espace de r\u00e9ception avec notre s\u00e9lection de tables, chaises et mange-debout pratiques et esth\u00e9tiques. Vous pr\u00e9parez un mariage, un anniversaire, une soir\u00e9e \u00e9tudiante ou aussi bien un \u00e9v\u00e9nement d&rsquo;entreprise ? Avant toute chose, il vous faut le meilleur mat\u00e9riel pour garantir une ambiance de folie ! \u00c7a tombe bien, vous \u00eates au bon endroit. Chez locationsononantes.com, nous sommes sp\u00e9cialis\u00e9s dans la location de mat\u00e9riel de sonorisation mais aussi d&rsquo;\u00e9clairage de qualit\u00e9 professionnelle. Notre mission ? Vous fournir des \u00e9quipements performants \u00e0 des prix r\u00e9solument discount ! \ud83d\udcb8 Votre Sp\u00e9cialiste de Proximit\u00e9 location sono Nantes et Vitr\u00e9 \ud83d\udccd Afin de vous offrir un service r\u00e9actif et des conseils personnalis\u00e9s, nous sommes bas\u00e9s localement sur deux secteurs. Retrouvez-nous \u00e0 Nantes, en plein c\u0153ur de la Loire-Atlantique (44), ainsi qu&rsquo;\u00e0 Vitr\u00e9 et ses environs en Ille-et-Vilaine (35). Cette proximit\u00e9 est notre force pour vous accompagner efficacement dans vos projets. Un Catalogue Complet pour une Ambiance Inoubliable \ud83c\udfb6 Quel que soit votre besoin, notre catalogue saura y r\u00e9pondre. Vous y trouverez par exemple : Tout d&rsquo;abord, il faut dire que tout notre mat\u00e9riel est facile \u00e0 installer et nous vous expliquons son fonctionnement. Simple, Rapide et \u00c9conomique location sono Nantes \u27a1\ufe0f Pour commencer, parcourez nos offres et faites votre choix. Ensuite, contactez-nous pour obtenir votre devis personnalis\u00e9 et gratuit. C&rsquo;est aussi simple que \u00e7a ! Nous nous engageons \u00e0 vous proposer le meilleur rapport qualit\u00e9\/prix de la r\u00e9gion. Pr\u00e9parez votre \u00e9v\u00e9nement, R\u00e9servez votre mat\u00e9riel en ligne d\u00e8s maintenant ! \ud83c\udf89\ud83c\udfb6 \u2705 Votre \u00e9v\u00e9nement r\u00e9ussi \u00e0 Nantes et Vitr\u00e9, c&rsquo;est notre priorit\u00e9 ! En nous choisissant, vous b\u00e9n\u00e9ficiez de notre engagement total : Faites confiance \u00e0 l&rsquo;expert de la location \u00e9v\u00e9nementielle \u00e0 Nantes et Vitr\u00e9 depuis 2002 ! \ud83d\udcaf Parce que nous soutenons les acteurs locaux qui \u0153uvrent pour le bien-\u00eatre de tous, nous vous recommandons de d\u00e9couvrir notre partenaire Bien Vivre M\u00e9dical, sp\u00e9cialiste du mat\u00e9riel m\u00e9dical pour les particuliers et professionnels. Alors, n&rsquo;h\u00e9sitez plus ! Pour un \u00e9v\u00e9nement r\u00e9ussi \u00e0 Nantes ou Vitr\u00e9, faites confiance \u00e0 un expert local. \ud83d\udd7a\ud83d\udc83<\/p>\n","protected":false},"author":1,"featured_media":0,"parent":0,"menu_order":0,"comment_status":"closed","ping_status":"closed","template":"","meta":{"footnotes":""},"class_list":["post-25","page","type-page","status-publish","hentry"],"aioseo_notices":[],"acf":[],"_links":{"self":[{"href":"https:\/\/locationsononantes.com\/index.php\/wp-json\/wp\/v2\/pages\/25","targetHints":{"allow":["GET"]}}],"collection":[{"href":"https:\/\/locationsononantes.com\/index.php\/wp-json\/wp\/v2\/pages"}],"about":[{"href":"https:\/\/locationsononantes.com\/index.php\/wp-json\/wp\/v2\/types\/page"}],"author":[{"embeddable":true,"href":"https:\/\/locationsononantes.com\/index.php\/wp-json\/wp\/v2\/users\/1"}],"replies":[{"embeddable":true,"href":"https:\/\/locationsononantes.com\/index.php\/wp-json\/wp\/v2\/comments?post=25"}],"version-history":[{"count":17,"href":"https:\/\/locationsononantes.com\/index.php\/wp-json\/wp\/v2\/pages\/25\/revisions"}],"predecessor-version":[{"id":125,"href":"https:\/\/locationsononantes.com\/index.php\/wp-json\/wp\/v2\/pages\/25\/revisions\/125"}],"wp:attachment":[{"href":"https:\/\/locationsononantes.com\/index.php\/wp-json\/wp\/v2\/media?parent=25"}],"curies":[{"name":"wp","href":"https:\/\/api.w.org\/{rel}","templated":true}]}}