{"id":19,"date":"2023-01-19T13:08:42","date_gmt":"2023-01-19T12:08:42","guid":{"rendered":"https:\/\/locationsononantes.com\/index.php\/produit\/album-2\/"},"modified":"2023-01-25T13:00:47","modified_gmt":"2023-01-25T12:00:47","slug":"location-pret-a-danser","status":"publish","type":"product","link":"https:\/\/locationsononantes.com\/index.php\/produit\/location-pret-a-danser\/","title":{"rendered":"Location sonorisation + \u00e9clairage maxi 30 personnes."},"content":{"rendered":"<p>Nous vous proposons la location d&rsquo;un kit ensemble sonorisation avec \u00e9clairage 30 personnes.<\/p>\n<p>Location pack sonorisation + \u00e9clairage pr\u00eat a danser maxi 30 personnes<br \/>\nLe pack s&rsquo;adapte ainsi pour animer un bapt\u00eame mais aussi un anniversaire ou toute autre soir\u00e9e.<\/p>\n<p>Choisie essentiellement en fonction du nombre de personnes. Quoiqu&rsquo;il en soit quelques minutes suffisent pour mettre en place ma location du kit sonorisation avec \u00e9clairage complet pour 30 personnes.<\/p>\n<p>Composition de mon pack sonorisation avec \u00e9clairage complet pour 30 personnes\u00a0 ?<\/p>\n<p>En premier lieu, notre \u00e9quipe contr\u00f4le le mat\u00e9riel qui compose le pack et v\u00e9rifie le bon fonctionnement avant votre d\u00e9part.<\/p>\n<p>La partie sonorisation se compose pour ce pack d&rsquo;un syst\u00e8me de sonorisation actif Line Array compact pour un son puissant. Quand \u00e0 l&rsquo;ampli int\u00e9gr\u00e9, il d\u00e9veloppe 315 Watts rms (150 Watt basses + 125 Watt m\u00e9diums + 40 Watt aigus )<\/p>\n<p>Sono simple et pratique avec lecture Bluetooth de tous les fichiers audio depuis un smartphone, une tablette ou un ordinateur portable.<\/p>\n<p>Un pied d\u2019\u00e9clairage et un jeu de lumi\u00e8re.<\/p>\n<p>Il faut souligner que le STORM FX r\u00e9unit en un m\u00eame appareil un laser , un stroboscope et un effet Derby.<\/p>\n<p>Notre jeux de lumi\u00e8re\u00a0 fonctionne en automatique par une source sonore externe gr\u00e2ce \u00e0 son micro int\u00e9gr\u00e9. Ses rayons laser d\u00e9coup\u00e9s avec pr\u00e9cision, de couleurs rouge et vert, ses 12 LEDs blanches assurant des effets stroboscopiques brillants et extr\u00eamement rapides et un effet Derby RGBAW haut en couleurs, cr\u00e9e des effets de lumi\u00e8res anim\u00e9s et impressionnants.<\/p>\n<p>Dans ma location est fournie tous les c\u00e2bles de raccordement audio mais pas les rallonges et multiprises.<\/p>\n<ul>\n<li>Maxi 30 personnes<\/li>\n<li>Sonorisation et \u00e9clairage<div style=\"width: 640px;\" class=\"wp-video\"><video class=\"wp-video-shortcode\" id=\"video-19-1\" width=\"640\" height=\"360\" preload=\"metadata\" controls=\"controls\"><source type=\"video\/mp4\" src=\"https:\/\/locationsononantes.com\/wp-content\/uploads\/2023\/01\/Cameo-STORM-FX-3-en-1.mp4?_=1\" \/><a href=\"https:\/\/locationsononantes.com\/wp-content\/uploads\/2023\/01\/Cameo-STORM-FX-3-en-1.mp4\">https:\/\/locationsononantes.com\/wp-content\/uploads\/2023\/01\/Cameo-STORM-FX-3-en-1.mp4<\/a><\/video><\/div><\/li>\n<li>Installation rapide<\/li>\n<li>Utilisation facile<\/li>\n<\/ul>\n","protected":false},"excerpt":{"rendered":"<p>Sonorisation avec \u00e9clairage complet pour 30 personnes<\/p>\n","protected":false},"featured_media":20,"comment_status":"closed","ping_status":"closed","template":"","meta":[],"product_brand":[],"product_cat":[20],"product_tag":[],"class_list":{"0":"post-19","1":"product","2":"type-product","3":"status-publish","4":"has-post-thumbnail","6":"product_cat-location-pack-sonorisation-avec-eclairage","8":"first","9":"instock","10":"virtual","11":"purchasable","12":"product-type-simple"},"aioseo_notices":[],"acf":[],"_links":{"self":[{"href":"https:\/\/locationsononantes.com\/index.php\/wp-json\/wp\/v2\/product\/19","targetHints":{"allow":["GET"]}}],"collection":[{"href":"https:\/\/locationsononantes.com\/index.php\/wp-json\/wp\/v2\/product"}],"about":[{"href":"https:\/\/locationsononantes.com\/index.php\/wp-json\/wp\/v2\/types\/product"}],"replies":[{"embeddable":true,"href":"https:\/\/locationsononantes.com\/index.php\/wp-json\/wp\/v2\/comments?post=19"}],"wp:featuredmedia":[{"embeddable":true,"href":"https:\/\/locationsononantes.com\/index.php\/wp-json\/wp\/v2\/media\/20"}],"wp:attachment":[{"href":"https:\/\/locationsononantes.com\/index.php\/wp-json\/wp\/v2\/media?parent=19"}],"wp:term":[{"taxonomy":"product_brand","embeddable":true,"href":"https:\/\/locationsononantes.com\/index.php\/wp-json\/wp\/v2\/product_brand?post=19"},{"taxonomy":"product_cat","embeddable":true,"href":"https:\/\/locationsononantes.com\/index.php\/wp-json\/wp\/v2\/product_cat?post=19"},{"taxonomy":"product_tag","embeddable":true,"href":"https:\/\/locationsononantes.com\/index.php\/wp-json\/wp\/v2\/product_tag?post=19"}],"curies":[{"name":"wp","href":"https:\/\/api.w.org\/{rel}","templated":true}]}}