{"id":82,"date":"2023-01-28T10:58:19","date_gmt":"2023-01-28T09:58:19","guid":{"rendered":"https:\/\/locationsononantes.com\/?post_type=product&#038;p=82"},"modified":"2025-07-05T10:15:49","modified_gmt":"2025-07-05T08:15:49","slug":"location-pack-sono-eclairage-maxi-20-personnes","status":"publish","type":"product","link":"https:\/\/locationsononantes.com\/index.php\/produit\/location-pack-sono-eclairage-maxi-20-personnes\/","title":{"rendered":"Location pack sono + \u00e9clairage maxi 20 personnes"},"content":{"rendered":"<p>Nous vous proposons la location d&rsquo;un pack sono + \u00e9clairage maxi 20 personnes.<\/p>\n<p>Location pack sonorisation + \u00e9clairage pr\u00eat a danser maxi 20 personnes<br \/>\nLe pack s&rsquo;adapte pour animer un bapt\u00eame mais aussi un anniversaire ou toute autre soir\u00e9e .<\/p>\n<p>Choisie essentiellement en fonction du nombre de personnes, quoiqu&rsquo;il en soit quelques minutes suffisent aussi bien pour mettre en place ma location du kit de sonorisation\u00a0 que de l&rsquo;\u00e9clairage dansant.<\/p>\n<p>Composition de mon pack sono + \u00e9clairage maxi 20 personnes ?<br \/>\nEn premier lieu, notre \u00e9quipe contr\u00f4le le mat\u00e9riel qui compose le pack et v\u00e9rifie le bon fonctionnement avant votre d\u00e9part.<\/p>\n<p>Deux enceintes de sonorisation de 10 Kg chacune amplifi\u00e9es pour une puissance de 100 watts rms unitaire. A poser sur une table ou sur des pieds d&rsquo;enceintes en option \u00e0 la location composent la partie sonorisation. Un pied d\u2019\u00e9clairage et un jeu de lumi\u00e8re swingled. Jeux de lumi\u00e8re (moonflower, par exemple) de 63 Leds RGB et qui fonctionne au rythme de la musique.<\/p>\n<p>Dans ma location de pack sono + \u00e9clairage maxi 20 personnes \u00e0 l&rsquo;heure actuelle sont fournis tous les c\u00e2bles de raccordement audio mais pas les rallonges et multiprises \u00e9lectriques.<\/p>\n<ul>\n<li>Maxi 30 personnes<\/li>\n<li>Sonorisation et \u00e9clairage<\/li>\n<li>Installation rapide<\/li>\n<li>Utilisation facile<\/li>\n<\/ul>\n","protected":false},"excerpt":{"rendered":"<p>Pack sono + \u00e9clairage maxi 20 personnes. En r\u00e9sum\u00e9, un pack \u00e0 prix discount d&rsquo;installation, de mise en place et d&rsquo;utilisation simple et rapide.<\/p>\n","protected":false},"featured_media":83,"comment_status":"open","ping_status":"closed","template":"","meta":[],"product_brand":[],"product_cat":[20],"product_tag":[],"class_list":{"0":"post-82","1":"product","2":"type-product","3":"status-publish","4":"has-post-thumbnail","6":"product_cat-location-pack-sonorisation-avec-eclairage","8":"first","9":"instock","10":"virtual","11":"purchasable","12":"product-type-simple"},"aioseo_notices":[],"acf":[],"_links":{"self":[{"href":"https:\/\/locationsononantes.com\/index.php\/wp-json\/wp\/v2\/product\/82","targetHints":{"allow":["GET"]}}],"collection":[{"href":"https:\/\/locationsononantes.com\/index.php\/wp-json\/wp\/v2\/product"}],"about":[{"href":"https:\/\/locationsononantes.com\/index.php\/wp-json\/wp\/v2\/types\/product"}],"replies":[{"embeddable":true,"href":"https:\/\/locationsononantes.com\/index.php\/wp-json\/wp\/v2\/comments?post=82"}],"wp:featuredmedia":[{"embeddable":true,"href":"https:\/\/locationsononantes.com\/index.php\/wp-json\/wp\/v2\/media\/83"}],"wp:attachment":[{"href":"https:\/\/locationsononantes.com\/index.php\/wp-json\/wp\/v2\/media?parent=82"}],"wp:term":[{"taxonomy":"product_brand","embeddable":true,"href":"https:\/\/locationsononantes.com\/index.php\/wp-json\/wp\/v2\/product_brand?post=82"},{"taxonomy":"product_cat","embeddable":true,"href":"https:\/\/locationsononantes.com\/index.php\/wp-json\/wp\/v2\/product_cat?post=82"},{"taxonomy":"product_tag","embeddable":true,"href":"https:\/\/locationsononantes.com\/index.php\/wp-json\/wp\/v2\/product_tag?post=82"}],"curies":[{"name":"wp","href":"https:\/\/api.w.org\/{rel}","templated":true}]}}