{"id":90,"date":"2023-02-01T18:02:33","date_gmt":"2023-02-01T17:02:33","guid":{"rendered":"https:\/\/locationsononantes.com\/?post_type=product&#038;p=90"},"modified":"2025-07-05T10:15:48","modified_gmt":"2025-07-05T08:15:48","slug":"location-pack-sono-eclairage-maxi-40-personnes-2","status":"publish","type":"product","link":"https:\/\/locationsononantes.com\/index.php\/produit\/location-pack-sono-eclairage-maxi-40-personnes-2\/","title":{"rendered":"Location pack sono + \u00e9clairage maxi 50 personnes"},"content":{"rendered":"<h3>Location pack sonorisation + \u00e9clairage maxi 50 personnes<\/h3>\n<p>Nous vous proposons la location d&rsquo;un pack sonorisation + \u00e9clairage maxi 50 personnes.<\/p>\n<p>Choisie essentiellement en fonction du nombre de personnes.<\/p>\n<p>Quoiqu&rsquo;il en soit, quelques minutes suffisent pour mettre en place ma location du kit de sonorisation + \u00e9clairage, mais aussi d&rsquo;\u00e9clairage dansant.<\/p>\n<h3>Composition de mon pack maxi 50 personnes ?<\/h3>\n<p>En premier lieu, notre \u00e9quipe contr\u00f4le le mat\u00e9riel qui compose le pack sonorisation + \u00e9clairage maxi 50 personnes v\u00e9rifie le bon fonctionnement avant votre d\u00e9part.<\/p>\n<p>La partie sonorisation se compose pour ce pack d&rsquo;un syst\u00e8me de sonorisation actif Line Array compact pour un son puissant. Quand \u00e0 l&rsquo;ampli int\u00e9gr\u00e9, il d\u00e9veloppe 515 Watts rms (350 Watt basses + 125 Watt m\u00e9diums + 40 Watt aigus ).<\/p>\n<p>La sonorisation se compose \u00e9galement d&rsquo; une console Behringer Xenyx 302, v\u00e9ritable hub son, simple d&rsquo;utilisation.<\/p>\n<p>La table de mixage de ce pack sonorisation + \u00e9clairage maxi 50 personnes comprend une entr\u00e9e micro, ainsi qu&rsquo;une entr\u00e9e st\u00e9r\u00e9o niveau ligne, mais \u00e9galement un \u00e9qualiseur 2 bandes par canal et un bouton master. Son interface USB avec carte son num\u00e9rique int\u00e9gr\u00e9e permet le branchement direct sur votre ordinateur. Un c\u00e2ble jack rca non fourni peut \u00e9galement \u00eatre utilise.<\/p>\n<h3>Possibilit\u00e9 de lire les fichiers audio depuis un smartphone, une tablette ou un ordinateur portable<\/h3>\n<p>Vous pouvez \u00e9galement r\u00e9server un \u00e9metteur r\u00e9cepteur sans fil Bluetooth pour lire tous les fichiers audio depuis un smartphone, une tablette ou un ordinateur portable.<\/p>\n<p>Un pied d\u2019\u00e9clairage et deux jeux de lumi\u00e8re composent la partie \u00e9clairage de ce pack sonorisation + \u00e9clairage maxi 50 personnes. Un laser compos\u00e9 de 3 sources dont une Rouge 200 mW, deuxi\u00e8mement une Bleue 150 mW, mais aussi une Verte 50 mW. Cela pour plus de 100 effets volum\u00e9triques et dessins.<\/p>\n<p>A utiliser avec nos machines a fumer et un quadflower effet MoonFlower puissant, optiques aux angles d&rsquo;ouverture tr\u00e8s important. Effet parfait pour vos soir\u00e9es dansantes priv\u00e9es avec ses 4 fois 9 LEDs RGB fonctionnant au rythme de la musique.<\/p>\n<p>Dans notre location sont fournis tous les c\u00e2bles de raccordement audio, mais pas les rallonges et multiprises.<\/p>\n<ul>\n<li>Maxi 50 personnes<\/li>\n<li>Sonorisation et \u00e9clairage<\/li>\n<li>Pr\u00eat \u00e0 danser<\/li>\n<li>Son puissant<\/li>\n<li>Installation rapide<\/li>\n<li>Utilisation facile<\/li>\n<\/ul>\n","protected":false},"excerpt":{"rendered":"<p>Kit ensemble sonorisation avec \u00e9clairage complet pr\u00eat \u00e0 danser pour 50 personnes.<\/p>\n<p>Dans notre location sont fournis tous les c\u00e2bles de raccordement audio, mais pas les rallonges et multiprises.<\/p>\n","protected":false},"featured_media":91,"comment_status":"open","ping_status":"closed","template":"","meta":[],"product_brand":[],"product_cat":[20],"product_tag":[],"class_list":{"0":"post-90","1":"product","2":"type-product","3":"status-publish","4":"has-post-thumbnail","6":"product_cat-location-pack-sonorisation-avec-eclairage","8":"first","9":"instock","10":"shipping-taxable","11":"product-type-simple"},"aioseo_notices":[],"acf":[],"_links":{"self":[{"href":"https:\/\/locationsononantes.com\/index.php\/wp-json\/wp\/v2\/product\/90","targetHints":{"allow":["GET"]}}],"collection":[{"href":"https:\/\/locationsononantes.com\/index.php\/wp-json\/wp\/v2\/product"}],"about":[{"href":"https:\/\/locationsononantes.com\/index.php\/wp-json\/wp\/v2\/types\/product"}],"replies":[{"embeddable":true,"href":"https:\/\/locationsononantes.com\/index.php\/wp-json\/wp\/v2\/comments?post=90"}],"wp:featuredmedia":[{"embeddable":true,"href":"https:\/\/locationsononantes.com\/index.php\/wp-json\/wp\/v2\/media\/91"}],"wp:attachment":[{"href":"https:\/\/locationsononantes.com\/index.php\/wp-json\/wp\/v2\/media?parent=90"}],"wp:term":[{"taxonomy":"product_brand","embeddable":true,"href":"https:\/\/locationsononantes.com\/index.php\/wp-json\/wp\/v2\/product_brand?post=90"},{"taxonomy":"product_cat","embeddable":true,"href":"https:\/\/locationsononantes.com\/index.php\/wp-json\/wp\/v2\/product_cat?post=90"},{"taxonomy":"product_tag","embeddable":true,"href":"https:\/\/locationsononantes.com\/index.php\/wp-json\/wp\/v2\/product_tag?post=90"}],"curies":[{"name":"wp","href":"https:\/\/api.w.org\/{rel}","templated":true}]}}