{"id":93,"date":"2023-02-08T17:00:05","date_gmt":"2023-02-08T16:00:05","guid":{"rendered":"https:\/\/locationsononantes.com\/?post_type=product&#038;p=93"},"modified":"2025-07-05T10:15:48","modified_gmt":"2025-07-05T08:15:48","slug":"location-pack-sono-eclairage-maxi-80-personnes","status":"publish","type":"product","link":"https:\/\/locationsononantes.com\/index.php\/produit\/location-pack-sono-eclairage-maxi-80-personnes\/","title":{"rendered":"Location pack sono + \u00e9clairage maxi 80 personnes"},"content":{"rendered":"<h2>Pack sonorisation + \u00e9clairage 80 personnes maxi<span style=\"font-size: 16px;\">\u00a0<\/span>pr\u00eat a danser<span style=\"font-size: 16px;\">\u00a0<\/span><\/h2>\n<p>Nous vous proposons la location d&rsquo; un pack sono et \u00e9clairage 80 personnes\u00a0 maxi. En d&rsquo; autres termes, un kit sonorisation avec \u00e9clairage complet, donc pr\u00eat \u00e0 danser.<\/p>\n<h3>Composition de notre pack pr\u00eat \u00e0 danser<\/h3>\n<p>Dans notre pack sonorisation et \u00e9clairage 80 personnes maxi, vous trouverez :<\/p>\n<p>1 pied d&rsquo;\u00e9clairage (PIEDEC) qui permet l&rsquo;accrochage des jeux de lumi\u00e8re et leur mise en hauteur de 1,49 m \u00e0 2,40 m ;<\/p>\n<p>Premi\u00e8rement, 1 Console de mixage (CONS5V) qui permet donc le branchement d&rsquo;1 micro non fourni et de 2 sources musicales, dont ordinateur et lecteur mp3 ;<\/p>\n<p>Ensuite, dans le pack il y a 1 Syst\u00e8me de sonorisation avec bi-amplification num\u00e9rique 600 w Rms vous trouverez :<\/p>\n<p>1 caisson de basses amplifi\u00e9 12&Prime; et \u00e9galement 1 satellite avec 8 haut-parleurs 3&Prime; m\u00e9dium. Ces \u00e9l\u00e9ments sont align\u00e9s m\u00e9caniquement (logarithmique Array colonne courb\u00e9).<\/p>\n<div>Finalement, 1 Structure de 4 jeux de lumi\u00e8re qui comprend :<\/div>\n<div>\u00a0 \u00a0 \u00a0 &#8211; 2 effets rotatifs Derby avec des LED RGB de 3 watts<\/div>\n<div>\u00a0 \u00a0 \u00a0 &#8211; 2 projecteurs avec trois LED RGB de 9 watts<\/div>\n<div>\u00a0 \u00a0 \u00a0 &#8211; 4 LED blanches froides qui servent \u00e0 cr\u00e9er l&rsquo;effet<\/div>\n<p>Dans notre location du pack sonorisation et \u00e9clairage pour 80 personnes maxi et pr\u00eat \u00e0 danser sont fournis tous les c\u00e2bles de raccordement audio.\u00a0 Par contre, les rallonges et multiprises sont \u00e0 louer s\u00e9par\u00e9ment.<\/p>\n<ul>\n<li>Maxi 80 personnes<\/li>\n<li>Sonorisation et \u00e9clairage<\/li>\n<li>Pr\u00eat \u00e0 danser<\/li>\n<li>Son puissant<\/li>\n<li>Installation rapide<\/li>\n<li>Utilisation facile<\/li>\n<\/ul>\n","protected":false},"excerpt":{"rendered":"<p>Kit ensemble sonorisation avec \u00e9clairage complet pour 80 personnes maxi pr\u00eat \u00e0 danser.<\/p>\n","protected":false},"featured_media":97,"comment_status":"open","ping_status":"closed","template":"","meta":[],"product_brand":[],"product_cat":[20],"product_tag":[],"class_list":{"0":"post-93","1":"product","2":"type-product","3":"status-publish","4":"has-post-thumbnail","6":"product_cat-location-pack-sonorisation-avec-eclairage","8":"first","9":"instock","10":"shipping-taxable","11":"product-type-simple"},"aioseo_notices":[],"acf":[],"_links":{"self":[{"href":"https:\/\/locationsononantes.com\/index.php\/wp-json\/wp\/v2\/product\/93","targetHints":{"allow":["GET"]}}],"collection":[{"href":"https:\/\/locationsononantes.com\/index.php\/wp-json\/wp\/v2\/product"}],"about":[{"href":"https:\/\/locationsononantes.com\/index.php\/wp-json\/wp\/v2\/types\/product"}],"replies":[{"embeddable":true,"href":"https:\/\/locationsononantes.com\/index.php\/wp-json\/wp\/v2\/comments?post=93"}],"wp:featuredmedia":[{"embeddable":true,"href":"https:\/\/locationsononantes.com\/index.php\/wp-json\/wp\/v2\/media\/97"}],"wp:attachment":[{"href":"https:\/\/locationsononantes.com\/index.php\/wp-json\/wp\/v2\/media?parent=93"}],"wp:term":[{"taxonomy":"product_brand","embeddable":true,"href":"https:\/\/locationsononantes.com\/index.php\/wp-json\/wp\/v2\/product_brand?post=93"},{"taxonomy":"product_cat","embeddable":true,"href":"https:\/\/locationsononantes.com\/index.php\/wp-json\/wp\/v2\/product_cat?post=93"},{"taxonomy":"product_tag","embeddable":true,"href":"https:\/\/locationsononantes.com\/index.php\/wp-json\/wp\/v2\/product_tag?post=93"}],"curies":[{"name":"wp","href":"https:\/\/api.w.org\/{rel}","templated":true}]}}